{"id":31,"date":"2022-04-18T12:27:37","date_gmt":"2022-04-18T10:27:37","guid":{"rendered":"https:\/\/archive.hostage.it\/index.php\/homepage\/"},"modified":"2022-06-17T13:06:52","modified_gmt":"2022-06-17T11:06:52","slug":"homepage","status":"publish","type":"page","link":"https:\/\/archive.hostage.it\/en\/","title":{"rendered":"Homepage"},"content":{"rendered":"<div data-elementor-type=\"wp-page\" data-elementor-id=\"31\" class=\"elementor elementor-31\" data-elementor-post-type=\"page\">\n\t\t\t\t\t\t<section class=\"elementor-section elementor-top-section elementor-element elementor-element-f0096a2 elementor-section-full_width sliderhome elementor-section-height-min-height elementor-section-items-stretch elementor-section-height-default\" data-id=\"f0096a2\" data-element_type=\"section\" data-settings=\"{&quot;background_background&quot;:&quot;classic&quot;}\">\n\t\t\t\t\t\t\t<div class=\"elementor-background-overlay\"><\/div>\n\t\t\t\t\t\t\t<div class=\"elementor-container elementor-column-gap-default\">\n\t\t\t\t\t<div class=\"elementor-column elementor-col-100 elementor-top-column elementor-element elementor-element-cc3c531\" data-id=\"cc3c531\" data-element_type=\"column\">\n\t\t\t<div class=\"elementor-widget-wrap elementor-element-populated\">\n\t\t\t\t\t\t<div class=\"elementor-element elementor-element-87e525c elementor-headline--style-rotate elementor-widget elementor-widget-animated-headline\" data-id=\"87e525c\" data-element_type=\"widget\" data-settings=\"{&quot;headline_style&quot;:&quot;rotate&quot;,&quot;animation_type&quot;:&quot;swirl&quot;,&quot;rotating_text&quot;:&quot;AUTENTICIT\\u00e0\\nAVANGUARDIA\\nATTUALIT\\u00e0\\nCREATIVIT\\u00e0&quot;,&quot;rotate_iteration_delay&quot;:1500,&quot;loop&quot;:&quot;yes&quot;}\" data-no-translation=\"\" data-widget_type=\"animated-headline.default\">\n\t\t\t\t<div class=\"elementor-widget-container\">\n\t\t\t<style>.elementor-element-87e525c{display:none !important}<\/style>\t\t<\/div>\n\t\t\t\t<\/div>\n\t\t\t\t<div class=\"elementor-element elementor-element-065efd0 elementor-headline--style-rotate elementor-widget elementor-widget-animated-headline\" data-id=\"065efd0\" data-element_type=\"widget\" data-settings=\"{&quot;headline_style&quot;:&quot;rotate&quot;,&quot;animation_type&quot;:&quot;swirl&quot;,&quot;rotating_text&quot;:&quot;authenticity\\nVanguard\\nModernity\\nCreativity&quot;,&quot;rotate_iteration_delay&quot;:1500,&quot;loop&quot;:&quot;yes&quot;}\" data-no-translation=\"\" data-widget_type=\"animated-headline.default\">\n\t\t\t\t<div class=\"elementor-widget-container\">\n\t\t\t\t\t<h3 class=\"elementor-headline elementor-headline-animation-type-swirl elementor-headline-letters\">\n\t\t\t\t\t<span class=\"elementor-headline-plain-text elementor-headline-text-wrapper\">Hostage_archive is<\/span>\n\t\t\t\t<span class=\"elementor-headline-dynamic-wrapper elementor-headline-text-wrapper\">\n\t\t\t\t\t<span class=\"elementor-headline-dynamic-text elementor-headline-text-active\">\n\t\t\t\tauthenticity\t\t\t<\/span>\n\t\t\t\t\t<span class=\"elementor-headline-dynamic-text\">\n\t\t\t\tVanguard\t\t\t<\/span>\n\t\t\t\t\t<span class=\"elementor-headline-dynamic-text\">\n\t\t\t\tModernity\t\t\t<\/span>\n\t\t\t\t\t<span class=\"elementor-headline-dynamic-text\">\n\t\t\t\tCreativity\t\t\t<\/span>\n\t\t\t\t\t\t<\/span>\n\t\t\t\t<\/h3>\n\t\t\t\t<\/div>\n\t\t\t\t<\/div>\n\t\t\t\t<div class=\"elementor-element elementor-element-0df55f6 elementor-widget elementor-widget-heading\" data-id=\"0df55f6\" data-element_type=\"widget\" data-widget_type=\"heading.default\">\n\t\t\t\t<div class=\"elementor-widget-container\">\n\t\t\t\t\t<\/div>\n\t\t\t\t<\/div>\n\t\t\t\t<section class=\"elementor-section elementor-inner-section elementor-element elementor-element-d592323 elementor-section-content-middle elementor-section-boxed elementor-section-height-default elementor-section-height-default\" data-id=\"d592323\" data-element_type=\"section\">\n\t\t\t\t\t\t<div class=\"elementor-container elementor-column-gap-default\">\n\t\t\t\t\t<div class=\"elementor-column elementor-col-100 elementor-inner-column elementor-element elementor-element-52585f2\" data-id=\"52585f2\" data-element_type=\"column\">\n\t\t\t<div class=\"elementor-widget-wrap elementor-element-populated\">\n\t\t\t\t\t\t<div class=\"elementor-element elementor-element-6571f11 elementor-view-default elementor-widget elementor-widget-icon\" data-id=\"6571f11\" data-element_type=\"widget\" data-widget_type=\"icon.default\">\n\t\t\t\t<div class=\"elementor-widget-container\">\n\t\t\t\t\t<\/div>\n\t\t\t\t<\/div>\n\t\t\t\t\t<\/div>\n\t\t<\/div>\n\t\t\t\t\t<\/div>\n\t\t<\/section>\n\t\t\t\t\t<\/div>\n\t\t<\/div>\n\t\t\t\t\t<\/div>\n\t\t<\/section>\n\t\t\t\t<section class=\"elementor-section elementor-top-section elementor-element elementor-element-661fb89 elementor-section-full_width elementor-section-height-default elementor-section-height-default\" data-id=\"661fb89\" data-element_type=\"section\">\n\t\t\t\t\t\t<div class=\"elementor-container elementor-column-gap-default\">\n\t\t\t\t\t<div class=\"elementor-column elementor-col-100 elementor-top-column elementor-element elementor-element-f7ef2f9\" data-id=\"f7ef2f9\" data-element_type=\"column\">\n\t\t\t<div class=\"elementor-widget-wrap elementor-element-populated\">\n\t\t\t\t\t\t<section class=\"elementor-section elementor-inner-section elementor-element elementor-element-1c96331 elementor-section-height-min-height elementor-section-boxed elementor-section-height-default\" data-id=\"1c96331\" data-element_type=\"section\">\n\t\t\t\t\t\t<div class=\"elementor-container elementor-column-gap-default\">\n\t\t\t\t\t<div class=\"elementor-column elementor-col-33 elementor-inner-column elementor-element elementor-element-9086c56\" data-id=\"9086c56\" data-element_type=\"column\" data-settings=\"{&quot;background_background&quot;:&quot;classic&quot;}\">\n\t\t\t<div class=\"elementor-widget-wrap elementor-element-populated\">\n\t\t\t\t\t\t<div class=\"elementor-element elementor-element-d3bfa76 elementor-widget elementor-widget-heading\" data-id=\"d3bfa76\" data-element_type=\"widget\" data-widget_type=\"heading.default\">\n\t\t\t\t<div class=\"elementor-widget-container\">\n\t\t\t<h2 class=\"elementor-heading-title elementor-size-default\">Connect, <\/br> where you want when you want<\/h2>\t\t<\/div>\n\t\t\t\t<\/div>\n\t\t\t\t\t<\/div>\n\t\t<\/div>\n\t\t\t\t<div class=\"elementor-column elementor-col-33 elementor-inner-column elementor-element elementor-element-dadbf5a\" data-id=\"dadbf5a\" data-element_type=\"column\" data-settings=\"{&quot;background_background&quot;:&quot;classic&quot;}\">\n\t\t\t<div class=\"elementor-widget-wrap elementor-element-populated\">\n\t\t\t\t\t\t<div class=\"elementor-element elementor-element-19c37b2 elementor-widget elementor-widget-heading\" data-id=\"19c37b2\" data-element_type=\"widget\" data-widget_type=\"heading.default\">\n\t\t\t\t<div class=\"elementor-widget-container\">\n\t\t\t<h2 class=\"elementor-heading-title elementor-size-default\"> \nLet inspiration grow from our precious archive<\/h2>\t\t<\/div>\n\t\t\t\t<\/div>\n\t\t\t\t\t<\/div>\n\t\t<\/div>\n\t\t\t\t<div class=\"elementor-column elementor-col-33 elementor-inner-column elementor-element elementor-element-4781b35\" data-id=\"4781b35\" data-element_type=\"column\" data-settings=\"{&quot;background_background&quot;:&quot;classic&quot;}\">\n\t\t\t<div class=\"elementor-widget-wrap elementor-element-populated\">\n\t\t\t\t\t\t<div class=\"elementor-element elementor-element-54fbf57 elementor-widget elementor-widget-heading\" data-id=\"54fbf57\" data-element_type=\"widget\" data-widget_type=\"heading.default\">\n\t\t\t\t<div class=\"elementor-widget-container\">\n\t\t\t<h2 class=\"elementor-heading-title elementor-size-default\">live a unique experience choosing unique garments<\/h2>\t\t<\/div>\n\t\t\t\t<\/div>\n\t\t\t\t\t<\/div>\n\t\t<\/div>\n\t\t\t\t\t<\/div>\n\t\t<\/section>\n\t\t\t\t\t<\/div>\n\t\t<\/div>\n\t\t\t\t\t<\/div>\n\t\t<\/section>\n\t\t\t\t<section class=\"elementor-section elementor-top-section elementor-element elementor-element-756238a elementor-section-full_width elementor-section-height-default elementor-section-height-default\" data-id=\"756238a\" data-element_type=\"section\" id=\"home-archive\">\n\t\t\t\t\t\t<div class=\"elementor-container elementor-column-gap-default\">\n\t\t\t\t\t<div class=\"elementor-column elementor-col-50 elementor-top-column elementor-element elementor-element-68ac3d4\" data-id=\"68ac3d4\" data-element_type=\"column\">\n\t\t\t<div class=\"elementor-widget-wrap elementor-element-populated\">\n\t\t\t\t\t\t<section class=\"elementor-section elementor-inner-section elementor-element elementor-element-35aeec5 elementor-section-boxed elementor-section-height-default elementor-section-height-default\" data-id=\"35aeec5\" data-element_type=\"section\">\n\t\t\t\t\t\t<div class=\"elementor-container elementor-column-gap-default\">\n\t\t\t\t\t<div class=\"elementor-column elementor-col-100 elementor-inner-column elementor-element elementor-element-6f462e8\" data-id=\"6f462e8\" data-element_type=\"column\">\n\t\t\t<div class=\"elementor-widget-wrap elementor-element-populated\">\n\t\t\t\t\t\t<div class=\"elementor-element elementor-element-143b28b elementor-widget elementor-widget-text-editor\" data-id=\"143b28b\" data-element_type=\"widget\" data-widget_type=\"text-editor.default\">\n\t\t\t\t<div class=\"elementor-widget-container\">\n\t\t\t\t\t\t\t<p><span style=\"color: var( --e-global-color-text );\"><strong>Hostage Archive<\/strong> was born out of the need to follow time and overcome it, in a new world where everything is digital and just a click away.\u00a0<\/span><\/p><p><span style=\"color: var( --e-global-color-text );\">The search for new creative stimuli represents one of the main points for companies in the world of fashion, a dynamic sector where tastes are increasingly sought after.<\/span><\/p><p>In <strong>Hostage Archive<\/strong> we travel around the world seeking inspiration, we see new emerging trends and bring ideas to life in a genuine and creative way<\/p><p><strong>Hostage Archive<\/strong> is the perfect mix between past, present and future.<\/p>\t\t\t\t\t\t<\/div>\n\t\t\t\t<\/div>\n\t\t\t\t\t<\/div>\n\t\t<\/div>\n\t\t\t\t\t<\/div>\n\t\t<\/section>\n\t\t\t\t<div class=\"elementor-element elementor-element-9c18b04 elementor-widget elementor-widget-heading\" data-id=\"9c18b04\" data-element_type=\"widget\" data-widget_type=\"heading.default\">\n\t\t\t\t<div class=\"elementor-widget-container\">\n\t\t\t<h2 class=\"elementor-heading-title elementor-size-default\"><a href=\"https:\/\/archive.hostage.it\/en\/archivio\/\"><i aria-hidden=\"true\" class=\"fas fa-angle-right\"><\/i> explore the archive<\/a><\/h2>\t\t<\/div>\n\t\t\t\t<\/div>\n\t\t\t\t\t<\/div>\n\t\t<\/div>\n\t\t\t\t<div class=\"elementor-column elementor-col-50 elementor-top-column elementor-element elementor-element-605e386\" data-id=\"605e386\" data-element_type=\"column\">\n\t\t\t<div class=\"elementor-widget-wrap elementor-element-populated\">\n\t\t\t\t\t\t<div class=\"elementor-element elementor-element-2ec9815 elementor-widget elementor-widget-gallery\" data-id=\"2ec9815\" data-element_type=\"widget\" data-settings=\"{&quot;gallery_layout&quot;:&quot;masonry&quot;,&quot;columns&quot;:2,&quot;columns_tablet&quot;:2,&quot;columns_mobile&quot;:1,&quot;gap&quot;:{&quot;unit&quot;:&quot;px&quot;,&quot;size&quot;:10,&quot;sizes&quot;:[]},&quot;gap_tablet&quot;:{&quot;unit&quot;:&quot;px&quot;,&quot;size&quot;:10,&quot;sizes&quot;:[]},&quot;gap_mobile&quot;:{&quot;unit&quot;:&quot;px&quot;,&quot;size&quot;:10,&quot;sizes&quot;:[]},&quot;content_hover_animation&quot;:&quot;fade-in&quot;}\" data-widget_type=\"gallery.default\">\n\t\t\t\t<div class=\"elementor-widget-container\">\n\t\t\t\t\t<div class=\"elementor-gallery__container\">\n\t\t\t\t\t\t\t<div class=\"e-gallery-item elementor-gallery-item elementor-animated-content\">\n\t\t\t\t\t<div class=\"e-gallery-image elementor-gallery-item__image\" data-thumbnail=\"https:\/\/archive.hostage.it\/wp-content\/uploads\/2022\/05\/DSC2726-1024x683.jpg\" data-width=\"800\" data-height=\"534\" aria-label=\"\" role=\"img\" ><\/div>\n\t\t\t\t\t\t\t\t\t\t\t\t\t\t<\/div>\n\t\t\t\t\t\t\t<div class=\"e-gallery-item elementor-gallery-item elementor-animated-content\">\n\t\t\t\t\t<div class=\"e-gallery-image elementor-gallery-item__image\" data-thumbnail=\"https:\/\/archive.hostage.it\/wp-content\/uploads\/2022\/05\/DSC02744-Modifica-683x1024.jpg\" data-width=\"683\" data-height=\"1024\" aria-label=\"\" role=\"img\" ><\/div>\n\t\t\t\t\t\t\t\t\t\t\t\t\t\t<\/div>\n\t\t\t\t\t\t\t<div class=\"e-gallery-item elementor-gallery-item elementor-animated-content\">\n\t\t\t\t\t<div class=\"e-gallery-image elementor-gallery-item__image\" data-thumbnail=\"https:\/\/archive.hostage.it\/wp-content\/uploads\/2022\/05\/DSC2737-683x1024.jpg\" data-width=\"683\" data-height=\"1024\" aria-label=\"\" role=\"img\" ><\/div>\n\t\t\t\t\t\t\t\t\t\t\t\t\t\t<\/div>\n\t\t\t\t\t\t\t<div class=\"e-gallery-item elementor-gallery-item elementor-animated-content\">\n\t\t\t\t\t<div class=\"e-gallery-image elementor-gallery-item__image\" data-thumbnail=\"https:\/\/archive.hostage.it\/wp-content\/uploads\/2022\/05\/DSC02697-1024x683.jpg\" data-width=\"800\" data-height=\"534\" aria-label=\"\" role=\"img\" ><\/div>\n\t\t\t\t\t\t\t\t\t\t\t\t\t\t<\/div>\n\t\t\t\t\t<\/div>\n\t\t\t<\/div>\n\t\t\t\t<\/div>\n\t\t\t\t\t<\/div>\n\t\t<\/div>\n\t\t\t\t\t<\/div>\n\t\t<\/section>\n\t\t\t\t<\/div>","protected":false},"excerpt":{"rendered":"<p>Hostage_Archive \u00e8 AUTENTICIT\u00e0 AVANGUARDIA ATTUALIT\u00e0 CREATIVIT\u00e0 Effettua il Login per accedere alla sezione Archivio Connettiti, dove e quando vuoi lasciati ispirare dal nostro prezioso archivio vivi un&#8217;esperienza unica selezionando capi unici Hostage Archive nasce dall\u2019esigenza di stare al passo con i tempi e superarli, in un mondo nuovo dove tutto \u00e8 digitale e a portata [&hellip;]<\/p>","protected":false},"author":1,"featured_media":0,"parent":0,"menu_order":0,"comment_status":"closed","ping_status":"closed","template":"","meta":{"pmpro_default_level":"","footnotes":""},"class_list":["post-31","page","type-page","status-publish","hentry","pmpro-has-access"],"yoast_head":"<!-- This site is optimized with the Yoast SEO plugin v23.8 - https:\/\/yoast.com\/wordpress\/plugins\/seo\/ -->\r\n<title>Homepage - Hostage Archive<\/title>\r\n<meta name=\"robots\" content=\"index, follow, max-snippet:-1, max-image-preview:large, max-video-preview:-1\" \/>\r\n<link rel=\"canonical\" href=\"https:\/\/archive.hostage.it\/en\/\" \/>\r\n<meta property=\"og:locale\" content=\"en_US\" \/>\r\n<meta property=\"og:type\" content=\"article\" \/>\r\n<meta property=\"og:title\" content=\"Homepage - Hostage Archive\" \/>\r\n<meta property=\"og:description\" content=\"Hostage_Archive \u00e8 AUTENTICIT\u00e0 AVANGUARDIA ATTUALIT\u00e0 CREATIVIT\u00e0 Effettua il Login per accedere alla sezione Archivio Connettiti, dove e quando vuoi lasciati ispirare dal nostro prezioso archivio vivi un&#8217;esperienza unica selezionando capi unici Hostage Archive nasce dall\u2019esigenza di stare al passo con i tempi e superarli, in un mondo nuovo dove tutto \u00e8 digitale e a portata [&hellip;]\" \/>\r\n<meta property=\"og:url\" content=\"https:\/\/archive.hostage.it\/en\/\" \/>\r\n<meta property=\"og:site_name\" content=\"Hostage Archive\" \/>\r\n<meta property=\"article:modified_time\" content=\"2022-06-17T11:06:52+00:00\" \/>\r\n<meta name=\"twitter:card\" content=\"summary_large_image\" \/>\r\n<meta name=\"twitter:label1\" content=\"Est. reading time\" \/>\n\t<meta name=\"twitter:data1\" content=\"2 minutes\" \/>\r\n<script type=\"application\/ld+json\" class=\"yoast-schema-graph\">{\"@context\":\"https:\/\/schema.org\",\"@graph\":[{\"@type\":\"WebPage\",\"@id\":\"https:\/\/archive.hostage.it\/\",\"url\":\"https:\/\/archive.hostage.it\/\",\"name\":\"Homepage - Hostage Archive\",\"isPartOf\":{\"@id\":\"https:\/\/archive.hostage.it\/#website\"},\"datePublished\":\"2022-04-18T10:27:37+00:00\",\"dateModified\":\"2022-06-17T11:06:52+00:00\",\"breadcrumb\":{\"@id\":\"https:\/\/archive.hostage.it\/#breadcrumb\"},\"inLanguage\":\"en-US\",\"potentialAction\":[{\"@type\":\"ReadAction\",\"target\":[\"https:\/\/archive.hostage.it\/\"]}]},{\"@type\":\"BreadcrumbList\",\"@id\":\"https:\/\/archive.hostage.it\/#breadcrumb\",\"itemListElement\":[{\"@type\":\"ListItem\",\"position\":1,\"name\":\"Home\",\"item\":\"https:\/\/archive.hostage.it\/\"},{\"@type\":\"ListItem\",\"position\":2,\"name\":\"Homepage\"}]},{\"@type\":\"WebSite\",\"@id\":\"https:\/\/archive.hostage.it\/#website\",\"url\":\"https:\/\/archive.hostage.it\/\",\"name\":\"Hostage Archive\",\"description\":\"Archivio di Hostage SRL\",\"publisher\":{\"@id\":\"https:\/\/archive.hostage.it\/#organization\"},\"potentialAction\":[{\"@type\":\"SearchAction\",\"target\":{\"@type\":\"EntryPoint\",\"urlTemplate\":\"https:\/\/archive.hostage.it\/?s={search_term_string}\"},\"query-input\":{\"@type\":\"PropertyValueSpecification\",\"valueRequired\":true,\"valueName\":\"search_term_string\"}}],\"inLanguage\":\"en-US\"},{\"@type\":\"Organization\",\"@id\":\"https:\/\/archive.hostage.it\/#organization\",\"name\":\"Hostage Archive\",\"url\":\"https:\/\/archive.hostage.it\/\",\"logo\":{\"@type\":\"ImageObject\",\"inLanguage\":\"en-US\",\"@id\":\"https:\/\/archive.hostage.it\/#\/schema\/logo\/image\/\",\"url\":\"https:\/\/archive.hostage.it\/wp-content\/uploads\/2022\/04\/cropped-LOGO-1.png\",\"contentUrl\":\"https:\/\/archive.hostage.it\/wp-content\/uploads\/2022\/04\/cropped-LOGO-1.png\",\"width\":512,\"height\":512,\"caption\":\"Hostage Archive\"},\"image\":{\"@id\":\"https:\/\/archive.hostage.it\/#\/schema\/logo\/image\/\"},\"sameAs\":[\"https:\/\/www.instagram.com\/hostage_archive\/\"]}]}<\/script>\r\n<!-- \/ Yoast SEO plugin. -->","yoast_head_json":{"title":"Homepage - Hostage Archive","robots":{"index":"index","follow":"follow","max-snippet":"max-snippet:-1","max-image-preview":"max-image-preview:large","max-video-preview":"max-video-preview:-1"},"canonical":"https:\/\/archive.hostage.it\/en\/","og_locale":"en_US","og_type":"article","og_title":"Homepage - Hostage Archive","og_description":"Hostage_Archive \u00e8 AUTENTICIT\u00e0 AVANGUARDIA ATTUALIT\u00e0 CREATIVIT\u00e0 Effettua il Login per accedere alla sezione Archivio Connettiti, dove e quando vuoi lasciati ispirare dal nostro prezioso archivio vivi un&#8217;esperienza unica selezionando capi unici Hostage Archive nasce dall\u2019esigenza di stare al passo con i tempi e superarli, in un mondo nuovo dove tutto \u00e8 digitale e a portata [&hellip;]","og_url":"https:\/\/archive.hostage.it\/en\/","og_site_name":"Hostage Archive","article_modified_time":"2022-06-17T11:06:52+00:00","twitter_card":"summary_large_image","twitter_misc":{"Est. reading time":"2 minutes"},"schema":{"@context":"https:\/\/schema.org","@graph":[{"@type":"WebPage","@id":"https:\/\/archive.hostage.it\/","url":"https:\/\/archive.hostage.it\/","name":"Homepage - Hostage Archive","isPartOf":{"@id":"https:\/\/archive.hostage.it\/#website"},"datePublished":"2022-04-18T10:27:37+00:00","dateModified":"2022-06-17T11:06:52+00:00","breadcrumb":{"@id":"https:\/\/archive.hostage.it\/#breadcrumb"},"inLanguage":"en-US","potentialAction":[{"@type":"ReadAction","target":["https:\/\/archive.hostage.it\/"]}]},{"@type":"BreadcrumbList","@id":"https:\/\/archive.hostage.it\/#breadcrumb","itemListElement":[{"@type":"ListItem","position":1,"name":"Home","item":"https:\/\/archive.hostage.it\/"},{"@type":"ListItem","position":2,"name":"Homepage"}]},{"@type":"WebSite","@id":"https:\/\/archive.hostage.it\/#website","url":"https:\/\/archive.hostage.it\/","name":"Hostage Archive","description":"Archivio di Hostage SRL","publisher":{"@id":"https:\/\/archive.hostage.it\/#organization"},"potentialAction":[{"@type":"SearchAction","target":{"@type":"EntryPoint","urlTemplate":"https:\/\/archive.hostage.it\/?s={search_term_string}"},"query-input":{"@type":"PropertyValueSpecification","valueRequired":true,"valueName":"search_term_string"}}],"inLanguage":"en-US"},{"@type":"Organization","@id":"https:\/\/archive.hostage.it\/#organization","name":"Hostage Archive","url":"https:\/\/archive.hostage.it\/","logo":{"@type":"ImageObject","inLanguage":"en-US","@id":"https:\/\/archive.hostage.it\/#\/schema\/logo\/image\/","url":"https:\/\/archive.hostage.it\/wp-content\/uploads\/2022\/04\/cropped-LOGO-1.png","contentUrl":"https:\/\/archive.hostage.it\/wp-content\/uploads\/2022\/04\/cropped-LOGO-1.png","width":512,"height":512,"caption":"Hostage Archive"},"image":{"@id":"https:\/\/archive.hostage.it\/#\/schema\/logo\/image\/"},"sameAs":["https:\/\/www.instagram.com\/hostage_archive\/"]}]}},"_links":{"self":[{"href":"https:\/\/archive.hostage.it\/en\/wp-json\/wp\/v2\/pages\/31","targetHints":{"allow":["GET"]}}],"collection":[{"href":"https:\/\/archive.hostage.it\/en\/wp-json\/wp\/v2\/pages"}],"about":[{"href":"https:\/\/archive.hostage.it\/en\/wp-json\/wp\/v2\/types\/page"}],"author":[{"embeddable":true,"href":"https:\/\/archive.hostage.it\/en\/wp-json\/wp\/v2\/users\/1"}],"replies":[{"embeddable":true,"href":"https:\/\/archive.hostage.it\/en\/wp-json\/wp\/v2\/comments?post=31"}],"version-history":[{"count":392,"href":"https:\/\/archive.hostage.it\/en\/wp-json\/wp\/v2\/pages\/31\/revisions"}],"predecessor-version":[{"id":9029,"href":"https:\/\/archive.hostage.it\/en\/wp-json\/wp\/v2\/pages\/31\/revisions\/9029"}],"wp:attachment":[{"href":"https:\/\/archive.hostage.it\/en\/wp-json\/wp\/v2\/media?parent=31"}],"curies":[{"name":"wp","href":"https:\/\/api.w.org\/{rel}","templated":true}]}}